{"id":25,"date":"2024-03-07T16:14:25","date_gmt":"2024-03-07T16:14:25","guid":{"rendered":"https:\/\/opecom.groupesmd.com\/?page_id=25"},"modified":"2024-09-23T10:27:36","modified_gmt":"2024-09-23T10:27:36","slug":"page-daccueil","status":"publish","type":"page","link":"https:\/\/opecom.groupesmd.com\/","title":{"rendered":"Page d&rsquo;accueil"},"content":{"rendered":"<h1 style=\"text-align: center;\"><img loading=\"lazy\" decoding=\"async\" class=\"size-medium wp-image-1384 alignleft\" src=\"https:\/\/opecom.groupesmd.com\/wp-content\/uploads\/2024\/09\/boutiques-SMD-PMD-NMD-LMD-300x300.jpg\" alt=\"boutiques-SMD-PMD-NMD-LMD\" width=\"650\" height=\"650\" srcset=\"https:\/\/opecom.groupesmd.com\/wp-content\/uploads\/2024\/09\/boutiques-SMD-PMD-NMD-LMD-300x300.jpg 300w, https:\/\/opecom.groupesmd.com\/wp-content\/uploads\/2024\/09\/boutiques-SMD-PMD-NMD-LMD-1024x1024.jpg 1024w, https:\/\/opecom.groupesmd.com\/wp-content\/uploads\/2024\/09\/boutiques-SMD-PMD-NMD-LMD-150x150.jpg 150w, https:\/\/opecom.groupesmd.com\/wp-content\/uploads\/2024\/09\/boutiques-SMD-PMD-NMD-LMD-768x768.jpg 768w, https:\/\/opecom.groupesmd.com\/wp-content\/uploads\/2024\/09\/boutiques-SMD-PMD-NMD-LMD-1536x1536.jpg 1536w, https:\/\/opecom.groupesmd.com\/wp-content\/uploads\/2024\/09\/boutiques-SMD-PMD-NMD-LMD-500x500.jpg 500w, https:\/\/opecom.groupesmd.com\/wp-content\/uploads\/2024\/09\/boutiques-SMD-PMD-NMD-LMD.jpg 2000w\" sizes=\"auto, (max-width: 650px) 100vw, 650px\" \/><\/h1>\n<h1 style=\"text-align: center;\">Bienvenue dans le module d&rsquo;op\u00e9rations commerciales !<\/h1>\n<p>&nbsp;<\/p>\n<p style=\"text-align: center;\">Cr\u00e9er et d\u00e9velopper vos listes de produits en quelques minutes seulement !<\/p>\n<p style=\"text-align: center;\">L&rsquo;un des principaux avantages de ce module r\u00e9side dans la centralisation des informations. Tous les membres, qu&rsquo;ils fassent partie du d\u00e9partement digital ou de l&rsquo;\u00e9quipe de vente, peuvent acc\u00e9der en temps r\u00e9el aux m\u00eames donn\u00e9es, ce qui favorise une collaboration plus fluide et plus efficace. Cette transparence permet une meilleure coordination, r\u00e9duisant ainsi les risques de malentendus ou de d\u00e9calages entre les \u00e9quipes.<\/p>\n<p style=\"text-align: center;\">Par cons\u00e9quent, cela se traduit par une productivit\u00e9 accrue et une gestion plus pr\u00e9cise. Le risque d&rsquo;erreurs est donc consid\u00e9rablement diminu\u00e9. Vous \u00e9viterez ainsi les incoh\u00e9rences, les doublons ou les oublis lors de l&rsquo;actualisation des listes, ce qui am\u00e9liore la qualit\u00e9 globale de la gestion des op\u00e9rations commerciales.<\/p>\n<p style=\"text-align: center;\">Merci pour votre attention,<\/p>\n<h3 style=\"text-align: center;\">Pour vous connecter, cliquez sur le bouton ci-dessous :<\/h3>\n<p style=\"text-align: center;\">(Vos acc\u00e8s se trouvent dans un mail datant du 6 juin 2024 envoy\u00e9 par Clara)<br \/>\nSi vous ne parvenez pas \u00e0 les retrouver, merci de la contacter<\/p>\n<p style=\"text-align: center;\"><a class=\"btn-primary\" href=\"\/wp-login.php\">Connexion<\/a><\/p>\n<p>&nbsp;<\/p>\n","protected":false},"excerpt":{"rendered":"<p>Bienvenue dans le module d&rsquo;op\u00e9rations commerciales ! &nbsp; Cr\u00e9er et d\u00e9velopper vos listes de produits en quelques minutes seulement ! L&rsquo;un des principaux avantages de ce module r\u00e9side dans la centralisation des informations. Tous les membres, qu&rsquo;ils fassent partie du d\u00e9partement digital ou de l&rsquo;\u00e9quipe de vente, peuvent acc\u00e9der en temps r\u00e9el aux m\u00eames donn\u00e9es, [&hellip;]<\/p>\n","protected":false},"author":1,"featured_media":0,"parent":0,"menu_order":0,"comment_status":"closed","ping_status":"closed","template":"","meta":{"_acf_changed":false,"footnotes":""},"class_list":["post-25","page","type-page","status-publish","hentry"],"acf":[],"_links":{"self":[{"href":"https:\/\/opecom.groupesmd.com\/index.php?rest_route=\/wp\/v2\/pages\/25","targetHints":{"allow":["GET"]}}],"collection":[{"href":"https:\/\/opecom.groupesmd.com\/index.php?rest_route=\/wp\/v2\/pages"}],"about":[{"href":"https:\/\/opecom.groupesmd.com\/index.php?rest_route=\/wp\/v2\/types\/page"}],"author":[{"embeddable":true,"href":"https:\/\/opecom.groupesmd.com\/index.php?rest_route=\/wp\/v2\/users\/1"}],"replies":[{"embeddable":true,"href":"https:\/\/opecom.groupesmd.com\/index.php?rest_route=%2Fwp%2Fv2%2Fcomments&post=25"}],"version-history":[{"count":43,"href":"https:\/\/opecom.groupesmd.com\/index.php?rest_route=\/wp\/v2\/pages\/25\/revisions"}],"predecessor-version":[{"id":1328,"href":"https:\/\/opecom.groupesmd.com\/index.php?rest_route=\/wp\/v2\/pages\/25\/revisions\/1328"}],"wp:attachment":[{"href":"https:\/\/opecom.groupesmd.com\/index.php?rest_route=%2Fwp%2Fv2%2Fmedia&parent=25"}],"curies":[{"name":"wp","href":"https:\/\/api.w.org\/{rel}","templated":true}]}}